{"id":3,"date":"2025-08-26T10:10:26","date_gmt":"2025-08-26T10:10:26","guid":{"rendered":"https:\/\/doposcuolaitaca.it\/?page_id=3"},"modified":"2025-09-15T13:24:53","modified_gmt":"2025-09-15T11:24:53","slug":"privacy-policy","status":"publish","type":"page","link":"https:\/\/doposcuolaitaca.it\/index.php\/privacy-policy\/","title":{"rendered":"Privacy Policy"},"content":{"rendered":"\n<p><\/p>\n\n\n\n<p><strong>INFORMATIVA AI SENSI DELL\u2019ART. 13 DEL REGOLAMENTO EUROPEO 679\/2016<\/strong><\/p>\n\n\n\n<p>La presente informativa descrive, ai sensi dell\u2019art. 13 del Regolamento europeo (UE) 2016\/679 e successive modifiche (di seguito il \u201c<strong>GDPR<\/strong>\u201d), il trattamento dei dati personali di coloro che, in qualit\u00e0 di clienti o a qualsiasi altro titolo (di seguito \u201c<strong>Interessati<\/strong>\u201d), intrattengono rapporti giuridici o entrano in contatto o comunque forniscono altrimenti i propri dati personali ai responsabili del sito web www.doposcuolaitaca.it.<\/p>\n\n\n\n<p><strong>1) Titolare del trattamento<\/strong>.<\/p>\n\n\n\n<p>Il Titolare del trattamento dei dati \u00e8 Roberto Del Giudice, <a href=\"mailto:Itaca.doposcuola@gmail.com\">itaca.doposcuola@gmail.com<\/a> ove lo stesso pu\u00f2 essere contattato. L\u2019elenco aggiornato degli eventuali Responsabili del trattamento (coloro che potrebbero ricevere incarico di trattare o trattano i dati per conto del Titolare) \u00e8 disponibile presso la sede legale innanzi indicata. Il Titolare non ha nominato un responsabile della protezione dei dati personali (RPD o DPO), avendo valutato che, data la tipologia dei trattamenti effettuati, non sussiste n\u00e9 obbligatoriet\u00e0 n\u00e9 opportunit\u00e0 di nomina della medesima figura.<\/p>\n\n\n\n<p><strong>2) Luogo e modalit\u00e0 del trattamento.<\/strong><\/p>\n\n\n\n<p>I trattamenti connessi ai servizi web del sito del Titolare sono curati da, ai sensi del GDPR, e\/o da personale esterno all\u2019organizzazione del Titolare, previa idonea nomina, per iscritto, quale Responsabile del trattamento, ai sensi dell\u2019art. 28 del GDPR.<br>Tutti i dati personali sono trattati sia in formato cartaceo che, in via prevalente, elettronico. Gli stessi saranno conservati in una forma che permetta l\u2019identificazione dell\u2019utente solo per il tempo strettamente necessario al raggiungimento delle finalit\u00e0 per cui i dati sono stati originariamente raccolti e, in ogni caso, entro i limiti di legge. Specifiche misure di sicurezza sono osservate per prevenire la perdita dei dati, usi illeciti o non corretti e accessi non autorizzati, in conformit\u00e0 a quanto previsto dal GDPR. Il Titolare ha adottato misure di sicurezza adeguate per proteggere i Suoi dati contro il rischio di perdita, abuso o alterazione. Il Titolare del trattamento non trasferir\u00e0 i Suoi dati personali ad un paese terzo o ad una organizzazione internazionale. Al fine di garantire che i dati personali siano sempre esatti, aggiornati, completi e pertinenti, gli Interessati sono invitati a segnalare eventuali modifiche intervenute all\u2019indirizzo mail indicato sopra al punto 1.<\/p>\n\n\n\n<p><strong>3) Finalit\u00e0 del trattamento<\/strong><\/p>\n\n\n\n<p>Il trattamento dei dati personali \u00e8 finalizzato:<\/p>\n\n\n\n<p>Nei limiti e per le sole finalit\u00e0 di erogazione dei servizi accessibili attraverso il sito della societ\u00e0, per consentire agli utenti di conoscere o approfondire le attivit\u00e0 e le altre iniziative del Titolare.<\/p>\n\n\n\n<p>Previo eventuale consenso espresso dell\u2019Interessato, per l\u2019invio \u2013 anche per e-mail tramite sistemi automatizzati \u2013 di comunicazioni contenenti informazioni relative al Titolare e alle attivit\u00e0 organizzate da questi (come ad esempio, gli inviti a corsi ed in generale a eventi, compresa l\u2019attivit\u00e0 di gestione delle relative partecipazioni ad essi), nonch\u00e9 aggiornamenti e\/o materiale informativo di natura legale e\/o promozionale, quali a titolo esemplificativo newsletter, presentazioni, approfondimenti e aggiornamenti su materie attinenti alle attivit\u00e0 svolte dal Titolare, ivi inclusa la profilazione dell\u2019Interessato per tali finalit\u00e0, allo scopo di orientare, migliorare o personalizzare le iniziative del Titolare tenendo conto delle specifiche esigenze o degli specifici interessi dell\u2019Interessato;<\/p>\n\n\n\n<p>I dati personali sono trattati lecitamente, in quanto: Lo svolgimento delle suddette attivit\u00e0  non richiede il consenso dell\u2019Interessato, trattandosi di servizi o prestazioni eseguite, nella maggior parte dei casi, in esecuzione di richieste avanzate direttamente dall\u2019interessato ai sensi dell\u2019art. 6, c. 1 lett. B) del GDPR. oppure \u00e8 necessario per adempiere un obbligo legale del Titolare, ai sensi dell\u2019art. 6, c. 1, lett. C) del GDPR. <br><br>4)\u00a0<strong>Conseguenze della mancata comunicazione dei dati personali<br><\/strong>Il conferimento dei dati personali per le finalit\u00e0 di cui sopra \u00e8 facoltativo e il loro mancato conferimento comporter\u00e0, come unica conseguenza, l\u2019impossibilit\u00e0 per il Titolare di gestire ed evadere le richieste dell\u2019interessato o di inviare le comunicazioni sopra indicate.<br><br>5)\u00a0<strong>Conservazione dei dati<br><\/strong>I dati personali saranno conservati per il tempo strettamente necessario a conseguire gli scopi per cui sono raccolti e sottoposti a trattamento. Una volta esaurita la finalit\u00e0 del trattamento, oppure in caso di esercizio del diritto di opposizione al trattamento o di revoca del consenso prestato, il Titolare sar\u00e0 comunque legittimato a conservare ulteriormente ai dati personali in tutto o in parte, per le finalit\u00e0 permesse dal GDPR (ad es. per l\u2019esigenza di far valere un diritto in sede giudiziale). <br><br>6)\u00a0<strong>Comunicazione dei dati<br><\/strong>I dati personali potranno essere comunicati a:<br>a) Collaboratori e dipendenti della societ\u00e0 che eroghino prestazioni funzionali ai fini sopra indicati ;<br>b) Commercialisti, consulenti esterni o societ\u00e0 di servizi in outsourcing che elaborano i dati in esecuzione di specifici obblighi di legge (soggetti vincolati quali Responsabili di trattamento incaricati dal Titolare che eroghino prestazioni funzionali ai fini sopra indicati);<br>c) Autorit\u00e0 Amministrative o Giudiziarie, per l\u2019adempimento del contratto e degli obblighi di legge.<br><br><strong>Dati di navigazione<br><\/strong>Il sistema informatico e le procedure software preposte al funzionamento del sito del Titolare (indirizzo internet sopra indicato) acquisiscono, nel corso del loro normale esercizio, alcuni dati personali la cui trasmissione \u00e8 implicita nell\u2019uso dei protocolli di comunicazione di Internet. Si tratta di informazioni che non sono raccolte per essere associate a interessati identificati ma che per loro stessa natura potrebbero, attraverso elaborazioni ed associazioni con dati detenuti da terzi, permettere di identificare gli utenti. In questa categoria di dati rientrano gli indirizzi IP o i nomi a dominio dei computer utilizzati dagli utenti che si connettono al Sito, gli indirizzi in notazione URI (Uniform Resource Identifier) delle risorse richieste, l\u2019orario della richiesta, la dimensione del file ottenuto in risposta, il codice numerico indicante lo stato della risposta data dal server ed altri parametri relativi al sistema operativo e all\u2019ambiente informatico dell\u2019utente. Questi dati potrebbero essere utilizzati al solo fine di ricavare informazioni statistiche anonime sull\u2019uso del Sito e per controllarne il corretto funzionamento e sono cancellati immediatamente dopo l\u2019elaborazione. I dati potrebbero essere utilizzati per l\u2019accertamento di responsabilit\u00e0 in caso di ipotetici reati informatici ai danni del Sito. In tale categoria rientrano anche i dati trattati mediante l\u2019utilizzo dei cookies tecnici.<\/p>\n","protected":false},"excerpt":{"rendered":"<p>INFORMATIVA AI SENSI DELL\u2019ART. 13 DEL REGOLAMENTO EUROPEO 679\/2016 La presente informativa descrive, ai sensi dell\u2019art. 13 del Regolamento europeo (UE) 2016\/679 e successive modifiche (di seguito il \u201cGDPR\u201d), il trattamento dei dati personali di coloro che, in qualit\u00e0 di clienti o a qualsiasi altro titolo (di seguito \u201cInteressati\u201d), intrattengono rapporti giuridici o entrano in&#8230;<\/p>\n","protected":false},"author":1,"featured_media":0,"parent":0,"menu_order":0,"comment_status":"closed","ping_status":"open","template":"","meta":{"footnotes":""},"class_list":["post-3","page","type-page","status-publish","hentry","page--item"],"_links":{"self":[{"href":"https:\/\/doposcuolaitaca.it\/index.php\/wp-json\/wp\/v2\/pages\/3","targetHints":{"allow":["GET"]}}],"collection":[{"href":"https:\/\/doposcuolaitaca.it\/index.php\/wp-json\/wp\/v2\/pages"}],"about":[{"href":"https:\/\/doposcuolaitaca.it\/index.php\/wp-json\/wp\/v2\/types\/page"}],"author":[{"embeddable":true,"href":"https:\/\/doposcuolaitaca.it\/index.php\/wp-json\/wp\/v2\/users\/1"}],"replies":[{"embeddable":true,"href":"https:\/\/doposcuolaitaca.it\/index.php\/wp-json\/wp\/v2\/comments?post=3"}],"version-history":[{"count":1,"href":"https:\/\/doposcuolaitaca.it\/index.php\/wp-json\/wp\/v2\/pages\/3\/revisions"}],"predecessor-version":[{"id":6776,"href":"https:\/\/doposcuolaitaca.it\/index.php\/wp-json\/wp\/v2\/pages\/3\/revisions\/6776"}],"wp:attachment":[{"href":"https:\/\/doposcuolaitaca.it\/index.php\/wp-json\/wp\/v2\/media?parent=3"}],"curies":[{"name":"wp","href":"https:\/\/api.w.org\/{rel}","templated":true}]}}